{"id":56,"date":"2017-12-16T07:14:41","date_gmt":"2017-12-16T06:14:41","guid":{"rendered":"http:\/\/www.napredak-hamburg.de\/wordpress\/?page_id=56"},"modified":"2023-02-15T17:28:12","modified_gmt":"2023-02-15T16:28:12","slug":"home","status":"publish","type":"page","link":"http:\/\/www.napredak-hamburg.de\/wordpress\/","title":{"rendered":""},"content":{"rendered":"<p style=\"text-align: justify; font-size: 20px;\"><b>Dobrodo\u0161li na na\u0161u web stranicu!<\/b><br \/>\nKraj kratkog profila na\u0161eg dru\u0161tva mo\u017eete prona\u0107i i veliki broj korisnih informacija. Pratite nas na na\u0161im <strong><a href=\"https:\/\/www.facebook.com\/hkdnapredakhamburg\/\">dru\u0161tvenim mre\u017eama<\/a><\/strong> kako bi ste ostali informirani o aktualnim <strong><a href=\"http:\/\/www.napredak-hamburg.de\/wordpress\/dogadanja\/\">doga\u0111anjima<\/a>.<\/strong><\/p>\n","protected":false},"excerpt":{"rendered":"<p>Dobrodo\u0161li na na\u0161u web stranicu! Kraj kratkog profila na\u0161eg dru\u0161tva mo\u017eete prona\u0107i i veliki broj korisnih informacija. Pratite nas na&#8230;<\/p>\n","protected":false},"author":2,"featured_media":370,"parent":0,"menu_order":0,"comment_status":"closed","ping_status":"closed","template":"template-fullwidth.php","meta":[],"_links":{"self":[{"href":"http:\/\/www.napredak-hamburg.de\/wordpress\/wp-json\/wp\/v2\/pages\/56"}],"collection":[{"href":"http:\/\/www.napredak-hamburg.de\/wordpress\/wp-json\/wp\/v2\/pages"}],"about":[{"href":"http:\/\/www.napredak-hamburg.de\/wordpress\/wp-json\/wp\/v2\/types\/page"}],"author":[{"embeddable":true,"href":"http:\/\/www.napredak-hamburg.de\/wordpress\/wp-json\/wp\/v2\/users\/2"}],"replies":[{"embeddable":true,"href":"http:\/\/www.napredak-hamburg.de\/wordpress\/wp-json\/wp\/v2\/comments?post=56"}],"version-history":[{"count":22,"href":"http:\/\/www.napredak-hamburg.de\/wordpress\/wp-json\/wp\/v2\/pages\/56\/revisions"}],"predecessor-version":[{"id":356,"href":"http:\/\/www.napredak-hamburg.de\/wordpress\/wp-json\/wp\/v2\/pages\/56\/revisions\/356"}],"wp:featuredmedia":[{"embeddable":true,"href":"http:\/\/www.napredak-hamburg.de\/wordpress\/wp-json\/wp\/v2\/media\/370"}],"wp:attachment":[{"href":"http:\/\/www.napredak-hamburg.de\/wordpress\/wp-json\/wp\/v2\/media?parent=56"}],"curies":[{"name":"wp","href":"https:\/\/api.w.org\/{rel}","templated":true}]}}