{"id":187,"date":"2018-10-10T21:57:01","date_gmt":"2018-10-10T19:57:01","guid":{"rendered":"http:\/\/www.napredak-hamburg.de\/wordpress\/?page_id=187"},"modified":"2026-03-13T22:26:17","modified_gmt":"2026-03-13T21:26:17","slug":"uprava","status":"publish","type":"page","link":"http:\/\/www.napredak-hamburg.de\/wordpress\/uprava\/","title":{"rendered":"UPRAVA"},"content":{"rendered":"<p style=\"text-align: left;\">Predsjednik: Josip \u0106osi\u0107<br \/>\nGlavna Tajnica: Snje\u017eana Holeti\u0107<br \/>\nDopredsjednica: Ru\u017eica Pu\u0161i\u0107<br \/>\nBlagajnik: Suzana \u0106osi\u0107<\/p>\n","protected":false},"excerpt":{"rendered":"<p>Predsjednik: Josip \u0106osi\u0107 Glavna Tajnica: Snje\u017eana Holeti\u0107 Dopredsjednica: Ru\u017eica Pu\u0161i\u0107 Blagajnik: Suzana \u0106osi\u0107<\/p>\n","protected":false},"author":2,"featured_media":0,"parent":0,"menu_order":0,"comment_status":"closed","ping_status":"closed","template":"","meta":[],"_links":{"self":[{"href":"http:\/\/www.napredak-hamburg.de\/wordpress\/wp-json\/wp\/v2\/pages\/187"}],"collection":[{"href":"http:\/\/www.napredak-hamburg.de\/wordpress\/wp-json\/wp\/v2\/pages"}],"about":[{"href":"http:\/\/www.napredak-hamburg.de\/wordpress\/wp-json\/wp\/v2\/types\/page"}],"author":[{"embeddable":true,"href":"http:\/\/www.napredak-hamburg.de\/wordpress\/wp-json\/wp\/v2\/users\/2"}],"replies":[{"embeddable":true,"href":"http:\/\/www.napredak-hamburg.de\/wordpress\/wp-json\/wp\/v2\/comments?post=187"}],"version-history":[{"count":6,"href":"http:\/\/www.napredak-hamburg.de\/wordpress\/wp-json\/wp\/v2\/pages\/187\/revisions"}],"predecessor-version":[{"id":403,"href":"http:\/\/www.napredak-hamburg.de\/wordpress\/wp-json\/wp\/v2\/pages\/187\/revisions\/403"}],"wp:attachment":[{"href":"http:\/\/www.napredak-hamburg.de\/wordpress\/wp-json\/wp\/v2\/media?parent=187"}],"curies":[{"name":"wp","href":"https:\/\/api.w.org\/{rel}","templated":true}]}}